{"id":22,"date":"2023-11-01T13:08:46","date_gmt":"2023-11-01T13:08:46","guid":{"rendered":"https:\/\/uka.karma.al\/?page_id=22"},"modified":"2024-03-15T14:35:26","modified_gmt":"2024-03-15T13:35:26","slug":"our-wines","status":"publish","type":"page","link":"https:\/\/ukawine.com\/sq\/vererat-tona\/","title":{"rendered":"Ver\u00ebrat Tona"},"content":{"rendered":"<div class=\"gb-container gb-container-52b34db2 alignfull\">\n\n<h1 class=\"gb-headline gb-headline-c199c71b gb-headline-text\">Historia dhe Pasioni q\u00eb Fshihen pas \u00c7do Shisheje<\/h1>\n\n<\/div>\n\n<div class=\"gb-container gb-container-592b3b5e alignfull\">\n<div class=\"gb-container gb-container-1383ba60\">\n\n<div class=\"gb-headline gb-headline-bd37df2e gb-headline-text\">VER\u00cbRAT TONA<\/div>\n\n\n\n<h2 class=\"gb-headline gb-headline-4ff881b7 gb-headline-text\">Koleksioni Yn\u00eb i Ver\u00ebrave<\/h2>\n\n\n<div class=\"gb-container gb-container-33ccdef7 custom-scroll wines-grid nowrap\">\n<div class=\"gb-container gb-container-ad394a31 wine-col\">\n<div class=\"gb-container gb-container-87ce4585\">\n\n<h3 class=\"gb-headline gb-headline-3c62cdc0 gb-headline-text\">UDHA<\/h3>\n\n\n\n<p class=\"gb-headline gb-headline-b8823242 gb-headline-text customtext\">Nj\u00eb p\u00ebrzierje e Cabernet Sauvignon, Merlot, Kallmetit dhe Sheshit t\u00eb Zi.<\/p>\n\n\n\n<a class=\"gb-button gb-button-27404281\" href=\"https:\/\/ukawine.com\/sq\/udha\/\"><span class=\"gb-button-text\">SHIKO M\u00cb SHUM\u00cb<\/span><span class=\"gb-icon\"><svg fill=\"none\" viewbox=\"0 0 32 32\" height=\"32\" width=\"32\" xmlns=\"http:\/\/www.w3.org\/2000\/svg\">   <path stroke-linejoin=\"round\" stroke-linecap=\"round\" stroke-width=\"1.5\" stroke=\"white\" d=\"M8 25.3333L25.3333 8M25.3333 8V24.64M25.3333 8H8.69333\"><\/path> <\/svg><\/span><\/a>\n\n<\/div>\n<\/div>\n\n<div class=\"gb-container gb-container-f57c0b27 wine-col\">\n<div class=\"gb-container gb-container-080a0311\">\n\n<h3 class=\"gb-headline gb-headline-7845fe30 gb-headline-text\">CERUJA<\/h3>\n\n\n\n<p class=\"gb-headline gb-headline-b5d56939 gb-headline-text customtext\">Ver\u00eb e bardh\u00eb e prodhuar nga hardhi rrushi t\u00eb pashartuara nj\u00ebqindvje\u00e7are.<\/p>\n\n\n\n<a class=\"gb-button gb-button-d8233b3b\" href=\"https:\/\/ukawine.com\/sq\/ceruja\/\"><span class=\"gb-button-text\">SHIKO M\u00cb SHUM\u00cb<\/span><span class=\"gb-icon\"><svg fill=\"none\" viewbox=\"0 0 32 32\" height=\"32\" width=\"32\" xmlns=\"http:\/\/www.w3.org\/2000\/svg\">   <path stroke-linejoin=\"round\" stroke-linecap=\"round\" stroke-width=\"1.5\" stroke=\"white\" d=\"M8 25.3333L25.3333 8M25.3333 8V24.64M25.3333 8H8.69333\"><\/path> <\/svg><\/span><\/a>\n\n<\/div>\n<\/div>\n\n<div class=\"gb-container gb-container-7af98bf8 wine-col\">\n<div class=\"gb-container gb-container-fbab94ca\">\n\n<h3 class=\"gb-headline gb-headline-dbbb7be0 gb-headline-text\">PULEZ<\/h3>\n\n\n\n<p class=\"gb-headline gb-headline-9dc97c37 gb-headline-text customtext\">Ver\u00eb e bardh\u00eb e prodhuar nga varieteti i rrushit Pul\u00ebz q\u00eb ndodhet n\u00eb Berat.<\/p>\n\n\n\n<a class=\"gb-button gb-button-e61cce3c\" href=\"https:\/\/ukawine.com\/sq\/pulez\/\"><span class=\"gb-button-text\">SHIKO M\u00cb SHUM\u00cb<\/span><span class=\"gb-icon\"><svg fill=\"none\" viewbox=\"0 0 32 32\" height=\"32\" width=\"32\" xmlns=\"http:\/\/www.w3.org\/2000\/svg\">   <path stroke-linejoin=\"round\" stroke-linecap=\"round\" stroke-width=\"1.5\" stroke=\"white\" d=\"M8 25.3333L25.3333 8M25.3333 8V24.64M25.3333 8H8.69333\"><\/path> <\/svg><\/span><\/a>\n\n<\/div>\n<\/div>\n\n<div class=\"gb-container gb-container-287a8601 wine-col\">\n<div class=\"gb-container gb-container-7c1c185f\">\n\n<h3 class=\"gb-headline gb-headline-b4cc49d8 gb-headline-text\">KALLMET<\/h3>\n\n\n\n<p class=\"gb-headline gb-headline-344dbd7f gb-headline-text customtext\">Krijuar nga varieteti m\u00eb i njohur i rrushit p\u00ebr ver\u00eb t\u00eb kuqe n\u00eb Shqip\u00ebri.<\/p>\n\n\n\n<a class=\"gb-button gb-button-d33e63dd\" href=\"https:\/\/ukawine.com\/sq\/kallmet\/\"><span class=\"gb-button-text\">SHIKO M\u00cb SHUM\u00cb<\/span><span class=\"gb-icon\"><svg fill=\"none\" viewbox=\"0 0 32 32\" height=\"32\" width=\"32\" xmlns=\"http:\/\/www.w3.org\/2000\/svg\">   <path stroke-linejoin=\"round\" stroke-linecap=\"round\" stroke-width=\"1.5\" stroke=\"white\" d=\"M8 25.3333L25.3333 8M25.3333 8V24.64M25.3333 8H8.69333\"><\/path> <\/svg><\/span><\/a>\n\n<\/div>\n<\/div>\n<\/div>\n<\/div>\n\n<div class=\"gb-container gb-container-109017b1 alignfull\">\n<div class=\"gb-container gb-container-70bc1468\">\n\n<div class=\"gb-headline gb-headline-aaf5da3d gb-headline-text\">VER\u00cbRAT TONA<\/div>\n\n\n\n<h2 class=\"gb-headline gb-headline-3b603042 gb-headline-text\">Koleksioni Yn\u00eb i Ver\u00ebrave<\/h2>\n\n\n<div class=\"gb-container gb-container-88347dc6 custom-scroll wines-grid nowrap\">\n<div class=\"gb-container gb-container-4839acb3 wine-col\">\n<div class=\"gb-container gb-container-6e75217e\">\n\n<h3 class=\"gb-headline gb-headline-207b83dc gb-headline-text\">UDHA<\/h3>\n\n\n\n<p class=\"gb-headline gb-headline-7f8f8d15 gb-headline-text customtext\">Nj\u00eb p\u00ebrzierje e Cabernet Sauvignon, Merlot, Kallmetit dhe Sheshit t\u00eb Zi.<br>&nbsp;<\/p>\n\n\n\n<a class=\"gb-button gb-button-bc60b722\" href=\"https:\/\/ukawine.com\/sq\/udha\/\"><span class=\"gb-button-text\">SHIKO M\u00cb SHUM\u00cb<\/span><span class=\"gb-icon\"><svg fill=\"none\" viewbox=\"0 0 32 32\" height=\"32\" width=\"32\" xmlns=\"http:\/\/www.w3.org\/2000\/svg\">   <path stroke-linejoin=\"round\" stroke-linecap=\"round\" stroke-width=\"1.5\" stroke=\"white\" d=\"M8 25.3333L25.3333 8M25.3333 8V24.64M25.3333 8H8.69333\"><\/path> <\/svg><\/span><\/a>\n\n<\/div>\n<\/div>\n\n<div class=\"gb-container gb-container-501bb876 wine-col\">\n<div class=\"gb-container gb-container-c57bfc48\">\n\n<h3 class=\"gb-headline gb-headline-64bec7b0 gb-headline-text\">CERUJA<\/h3>\n\n\n\n<p class=\"gb-headline gb-headline-d149ed74 gb-headline-text customtext\">Ver\u00eb e bardh\u00eb e prodhuar nga hardhi rrushi t\u00eb pashartuara nj\u00ebqindvje\u00e7are.<\/p>\n\n\n\n<a class=\"gb-button gb-button-5f57da65\" href=\"https:\/\/ukawine.com\/sq\/ceruja\/\"><span class=\"gb-button-text\">SHIKO M\u00cb SHUM\u00cb<\/span><span class=\"gb-icon\"><svg fill=\"none\" viewbox=\"0 0 32 32\" height=\"32\" width=\"32\" xmlns=\"http:\/\/www.w3.org\/2000\/svg\">   <path stroke-linejoin=\"round\" stroke-linecap=\"round\" stroke-width=\"1.5\" stroke=\"white\" d=\"M8 25.3333L25.3333 8M25.3333 8V24.64M25.3333 8H8.69333\"><\/path> <\/svg><\/span><\/a>\n\n<\/div>\n<\/div>\n\n<div class=\"gb-container gb-container-04167922 wine-col\">\n<div class=\"gb-container gb-container-e7196480\">\n\n<h3 class=\"gb-headline gb-headline-6843fddf gb-headline-text\">PULEZ<\/h3>\n\n\n\n<p class=\"gb-headline gb-headline-e50b2d6d gb-headline-text customtext\">Ver\u00eb e bardh\u00eb e prodhuar nga varieteti i rrushit Pul\u00ebz q\u00eb ndodhet n\u00eb Berat.<\/p>\n\n\n\n<a class=\"gb-button gb-button-de888739\" href=\"https:\/\/ukawine.com\/sq\/pulez\/\"><span class=\"gb-button-text\">SHIKO M\u00cb SHUM\u00cb<\/span><span class=\"gb-icon\"><svg fill=\"none\" viewbox=\"0 0 32 32\" height=\"32\" width=\"32\" xmlns=\"http:\/\/www.w3.org\/2000\/svg\">   <path stroke-linejoin=\"round\" stroke-linecap=\"round\" stroke-width=\"1.5\" stroke=\"white\" d=\"M8 25.3333L25.3333 8M25.3333 8V24.64M25.3333 8H8.69333\"><\/path> <\/svg><\/span><\/a>\n\n<\/div>\n<\/div>\n\n<div class=\"gb-container gb-container-543d7ad3 wine-col\">\n<div class=\"gb-container gb-container-714af814\">\n\n<h3 class=\"gb-headline gb-headline-1c57e575 gb-headline-text\">KALLMET<\/h3>\n\n\n\n<p class=\"gb-headline gb-headline-d428b2fc gb-headline-text customtext\">Krijuar nga varieteti m\u00eb i njohur i rrushit p\u00ebr ver\u00eb t\u00eb kuqe n\u00eb Shqip\u00ebri.<br>&nbsp;<\/p>\n\n\n\n<a class=\"gb-button gb-button-04540436\" href=\"https:\/\/ukawine.com\/sq\/kallmet\/\"><span class=\"gb-button-text\">SHIKO M\u00cb SHUM\u00cb<\/span><span class=\"gb-icon\"><svg fill=\"none\" viewbox=\"0 0 32 32\" height=\"32\" width=\"32\" xmlns=\"http:\/\/www.w3.org\/2000\/svg\">   <path stroke-linejoin=\"round\" stroke-linecap=\"round\" stroke-width=\"1.5\" stroke=\"white\" d=\"M8 25.3333L25.3333 8M25.3333 8V24.64M25.3333 8H8.69333\"><\/path> <\/svg><\/span><\/a>\n\n<\/div>\n<\/div>\n<\/div>\n<\/div>\n<\/div>\n\n<div class=\"gb-container gb-container-a40de3b4\">\n\n<h2 class=\"gb-headline gb-headline-0c7000ca gb-headline-text\">Choose and savor your favorite Albanian wine! Browse our selection and discover a thoughtfully curated assortment of flavors.<\/h2>\n\n\n\n<a class=\"gb-button gb-button-1db174d2\" href=\"https:\/\/ukawine.com\/sq\/shop\/\"><span class=\"gb-button-text\">SHOP IN ALBANIA<\/span><span class=\"gb-icon\"><svg fill=\"none\" viewbox=\"0 0 24 24\" height=\"800px\" width=\"800px\" xmlns=\"http:\/\/www.w3.org\/2000\/svg\"><path fill-rule=\"evenodd\" fill=\"#fff\" d=\"m18.1093 3.78838c-.4626-.0378-1.0568-.03838-1.9093-.03838h-2.2c-.4142 0-.75-.33579-.75-.75s.3358-.75.75-.75h2.2.0321c.8129-.00001 1.4685-.00001 1.9994.04336.5466.04467 1.0267.13903 1.471.36537.7056.35952 1.2792.9332 1.6388 1.63881.2263.44421.3207.92436.3653 1.47099.0434.53091.0434 1.18653.0434 1.99937v.0321 2.2c0 .4142-.3358.75-.75.75s-.75-.3358-.75-.75v-2.2c0-.85245-.0006-1.44669-.0384-1.90932-.0339-.41501-.0946-.66857-.1817-.85994l-7.4996 7.49956c-.2929.2929-.7677.2929-1.0606 0s-.2929-.7677 0-1.0606l7.4996-7.49962c-.1914-.08709-.445-.14779-.86-.1817zm-10.3414.46162h.0321 3.2c.4142 0 .75.33579.75.75s-.3358.75-.75.75h-3.2c-.85245 0-1.44669.00058-1.90932.03838-.45387.03709-.71464.10622-.91216.20686-.42336.21571-.76757.55992-.98328.98328-.10064.19752-.16977.45828-.20686.91216-.0378.46263-.03838 1.05687-.03838 1.90932v6.4c0 .8525.00058 1.4467.03838 1.9093.03709.4539.10622.7147.20686.9122.21571.4233.55992.7675.98328.9833.19752.1006.45829.1697.91216.2068.46263.0378 1.05687.0384 1.90932.0384h6.4c.8525 0 1.4467-.0006 1.9093-.0384.4539-.0371.7147-.1062.9122-.2068.4233-.2158.7675-.56.9833-.9833.1006-.1975.1697-.4583.2068-.9122.0378-.4626.0384-1.0568.0384-1.9093v-3.2c0-.4142.3358-.75.75-.75s.75.3358.75.75v3.2.0321c0 .8129 0 1.4685-.0434 1.9994-.0446.5466-.139 1.0267-.3653 1.471-.3595.7056-.9332 1.2793-1.6388 1.6388-.4443.2263-.9244.3207-1.471.3653-.5309.0434-1.1865.0434-1.9994.0434h-.0321-6.4-.03212c-.81283 0-1.46844 0-1.99935-.0434-.54663-.0446-1.02678-.139-1.47099-.3653-.70561-.3595-1.27929-.9332-1.63881-1.6388-.22634-.4443-.3207-.9244-.36537-1.471-.04337-.5309-.04337-1.1865-.04336-1.9994v-.0321-6.4-.0321-.00002c-.00001-.81283-.00001-1.46844.04336-1.99935.04467-.54663.13903-1.02678.36537-1.47099.35952-.70561.9332-1.27929 1.63881-1.63881.44421-.22634.92436-.3207 1.47099-.36537.53091-.04337 1.18653-.04337 1.99937-.04336z\" clip-rule=\"evenodd\"><\/path><\/svg><\/span><\/a>\n\n\n\n<a class=\"gb-button gb-button-9d5375f7\" href=\"https:\/\/mezemer.com\/en\/collections\/cantina-uka\" target=\"_blank\" rel=\"noopener\"><span class=\"gb-button-text\">SHOP IN EUROPE<\/span><span class=\"gb-icon\"><svg xmlns=\"http:\/\/www.w3.org\/2000\/svg\" width=\"800px\" height=\"800px\" viewbox=\"0 0 24 24\" fill=\"none\"><path clip-rule=\"evenodd\" d=\"m18.1093 3.78838c-.4626-.0378-1.0568-.03838-1.9093-.03838h-2.2c-.4142 0-.75-.33579-.75-.75s.3358-.75.75-.75h2.2.0321c.8129-.00001 1.4685-.00001 1.9994.04336.5466.04467 1.0267.13903 1.471.36537.7056.35952 1.2792.9332 1.6388 1.63881.2263.44421.3207.92436.3653 1.47099.0434.53091.0434 1.18653.0434 1.99937v.0321 2.2c0 .4142-.3358.75-.75.75s-.75-.3358-.75-.75v-2.2c0-.85245-.0006-1.44669-.0384-1.90932-.0339-.41501-.0946-.66857-.1817-.85994l-7.4996 7.49956c-.2929.2929-.7677.2929-1.0606 0s-.2929-.7677 0-1.0606l7.4996-7.49962c-.1914-.08709-.445-.14779-.86-.1817zm-10.3414.46162h.0321 3.2c.4142 0 .75.33579.75.75s-.3358.75-.75.75h-3.2c-.85245 0-1.44669.00058-1.90932.03838-.45387.03709-.71464.10622-.91216.20686-.42336.21571-.76757.55992-.98328.98328-.10064.19752-.16977.45828-.20686.91216-.0378.46263-.03838 1.05687-.03838 1.90932v6.4c0 .8525.00058 1.4467.03838 1.9093.03709.4539.10622.7147.20686.9122.21571.4233.55992.7675.98328.9833.19752.1006.45829.1697.91216.2068.46263.0378 1.05687.0384 1.90932.0384h6.4c.8525 0 1.4467-.0006 1.9093-.0384.4539-.0371.7147-.1062.9122-.2068.4233-.2158.7675-.56.9833-.9833.1006-.1975.1697-.4583.2068-.9122.0378-.4626.0384-1.0568.0384-1.9093v-3.2c0-.4142.3358-.75.75-.75s.75.3358.75.75v3.2.0321c0 .8129 0 1.4685-.0434 1.9994-.0446.5466-.139 1.0267-.3653 1.471-.3595.7056-.9332 1.2793-1.6388 1.6388-.4443.2263-.9244.3207-1.471.3653-.5309.0434-1.1865.0434-1.9994.0434h-.0321-6.4-.03212c-.81283 0-1.46844 0-1.99935-.0434-.54663-.0446-1.02678-.139-1.47099-.3653-.70561-.3595-1.27929-.9332-1.63881-1.6388-.22634-.4443-.3207-.9244-.36537-1.471-.04337-.5309-.04337-1.1865-.04336-1.9994v-.0321-6.4-.0321-.00002c-.00001-.81283-.00001-1.46844.04336-1.99935.04467-.54663.13903-1.02678.36537-1.47099.35952-.70561.9332-1.27929 1.63881-1.63881.44421-.22634.92436-.3207 1.47099-.36537.53091-.04337 1.18653-.04337 1.99937-.04336z\" fill=\"#fff\" fill-rule=\"evenodd\"><\/path><\/svg><\/span><\/a>\n\n<\/div>\n\n<script src=\"https:\/\/ukawine.com\/wp-includes\/js\/jquery\/jquery.min.js?ver=3.7.1\"><\/script>\n<script async>\nfunction initCustomCroll() {\n\t(function ($) {\n\tfunction defer(method) {\n\t\tif ($.fn.overlayScrollbars) {\n\t\t\tconsole.log('cargado')\n\t\t\tmethod();\n\t\t} else {\n\t\t\tsetTimeout(function() { defer(method) }, 50);\n\t\t}\n    }\n\t\tvar w = (window.innerWidth > 0) ? window.innerWidth : screen.width;\n\n    if( w > 1024 ) return;\n\t\tdefer(function() {\n\t\t\t\tconst customScroll = $('.custom-scroll');\n\n\t\t\tif( customScroll.length && w < 1025 ) customScroll.overlayScrollbars({\n\t\t\t\tresize :'none',     \n\t\t\t\tclipAlways: true,  \n\t\t\t\toverflowBehavior : {\n\t\t\t\t\tx :'scroll'\n\t\t\t\t},\n\t\t\t\tscrollbars : {\n\t\t\t\t\tclickScrolling: true,\n\t\t\t\t}\n\t\t\t});\n\t\t})\n\t})(jQuery);\n}\n\ninitCustomCroll()\n<\/script>\n\n<\/div>\n\n<div class=\"gb-container gb-container-9c4ac241 alignfull\">\n<div class=\"gb-grid-wrapper gb-grid-wrapper-815125da\">\n<div class=\"gb-grid-column gb-grid-column-fb7589c2\"><div class=\"gb-container gb-container-fb7589c2\">\n<div class=\"gb-container gb-container-eaf37a41\">\n\n<h2 class=\"gb-headline gb-headline-1dd3b9ea gb-headline-text\">KONTAKT<\/h2>\n\n\n\n<p>Ne ofrojm\u00eb ver\u00eb shqiptare t\u00eb kuqe dhe t\u00eb bardh\u00eb me \u00e7mime dhe cil\u00ebsi fantastike p\u00ebr \u00e7do rast!<\/p>\n\n\n<div class=\"gb-container gb-container-0300b82e\">\n\n<p class=\"gb-headline gb-headline-f642d399 gb-headline-text\">Address: <a href=\"https:\/\/maps.app.goo.gl\/Dkcjz6WnYdWUmNYb9\" data-type=\"link\" data-id=\"https:\/\/maps.app.goo.gl\/Dkcjz6WnYdWUmNYb9\" target=\"_blank\" rel=\"noopener\">Uka Farm, <\/a><a href=\"https:\/\/maps.app.goo.gl\/Dkcjz6WnYdWUmNYb9\" data-type=\"link\" data-id=\"https:\/\/maps.app.goo.gl\/Dkcjz6WnYdWUmNYb9\" target=\"_blank\" rel=\"noreferrer noopener\">Tirana<\/a><a href=\"https:\/\/maps.app.goo.gl\/Dkcjz6WnYdWUmNYb9\" data-type=\"link\" data-id=\"https:\/\/maps.app.goo.gl\/Dkcjz6WnYdWUmNYb9\" target=\"_blank\" rel=\"noopener\">, Albania<\/a><\/p>\n\n\n\n<p class=\"gb-headline gb-headline-0367297e gb-headline-text\"><a href=\"mailto:info@ukawine.com\" data-type=\"mailto\" data-id=\"mailto:info@ukawine.com\">E-mail: info@ukawine.com<\/a><\/p>\n\n<\/div>\n<\/div>\n<\/div><\/div>\n\n<div class=\"gb-grid-column gb-grid-column-15b193e9\"><div class=\"gb-container gb-container-15b193e9 map\">\n\t\t<div id=\"wpmapblock_246b6f7d\" data-settings='{&quot;map_marker&quot;:[{&quot;lat&quot;:&quot;41.36910028187358&quot;,&quot;lng&quot;:&quot;19.74238601002146&quot;,&quot;title&quot;:&quot;Uka Farm&quot;,&quot;content&quot;:&quot;&quot;,&quot;iconType&quot;:&quot;default&quot;,&quot;customIconUrl&quot;:&quot;&quot;,&quot;customIconWidth&quot;:&quot;25&quot;,&quot;customIconHeight&quot;:&quot;40&quot;}],&quot;map_zoom&quot;:&quot;16&quot;,&quot;scroll_wheel_zoom&quot;:&quot;1&quot;,&quot;map_type&quot;:&quot;GM&quot;,&quot;center_index&quot;:0}' class=\"wpmapblockrender\" style=\"\t\t\twidth: 100%;\t\t\theight: 750px;\t\t\"><\/div>\n        \n<\/div><\/div>\n<\/div>\n<\/div>","protected":false},"excerpt":{"rendered":"<p>The Story and Passion Behind Every Bottle OUR WINES Our Exquisite Wine Collection UDHA A blend of Cabernet Sauvignon, Merlot, Kallmet and Sheshi Zi. CERUJA White wine crafted by one hundred years old ungrafted vines. PULEZ White wine produced from the Pul\u00ebz grape variety located in Berat. KALLMET Crafted from the finest grapes for red &#8230; <a title=\"Ver\u00ebrat Tona\" class=\"read-more\" href=\"https:\/\/ukawine.com\/sq\/vererat-tona\/\" aria-label=\"More on Our Wines\">Read more<\/a><\/p>","protected":false},"author":1,"featured_media":0,"parent":0,"menu_order":0,"comment_status":"closed","ping_status":"closed","template":"","meta":{"_acf_changed":false,"footnotes":""},"class_list":["post-22","page","type-page","status-publish"],"acf":[],"_links":{"self":[{"href":"https:\/\/ukawine.com\/sq\/wp-json\/wp\/v2\/pages\/22","targetHints":{"allow":["GET"]}}],"collection":[{"href":"https:\/\/ukawine.com\/sq\/wp-json\/wp\/v2\/pages"}],"about":[{"href":"https:\/\/ukawine.com\/sq\/wp-json\/wp\/v2\/types\/page"}],"author":[{"embeddable":true,"href":"https:\/\/ukawine.com\/sq\/wp-json\/wp\/v2\/users\/1"}],"replies":[{"embeddable":true,"href":"https:\/\/ukawine.com\/sq\/wp-json\/wp\/v2\/comments?post=22"}],"version-history":[{"count":13,"href":"https:\/\/ukawine.com\/sq\/wp-json\/wp\/v2\/pages\/22\/revisions"}],"predecessor-version":[{"id":3319,"href":"https:\/\/ukawine.com\/sq\/wp-json\/wp\/v2\/pages\/22\/revisions\/3319"}],"wp:attachment":[{"href":"https:\/\/ukawine.com\/sq\/wp-json\/wp\/v2\/media?parent=22"}],"curies":[{"name":"wp","href":"https:\/\/api.w.org\/{rel}","templated":true}]}}