{"id":1075,"date":"2023-11-06T14:18:19","date_gmt":"2023-11-06T14:18:19","guid":{"rendered":"https:\/\/uka.karma.al\/?page_id=1075"},"modified":"2024-04-11T17:17:10","modified_gmt":"2024-04-11T15:17:10","slug":"ceruja","status":"publish","type":"page","link":"https:\/\/ukawine.com\/it\/ceruja\/","title":{"rendered":"C\u00cbRUJA"},"content":{"rendered":"<div class=\"gb-container gb-container-be70482d alignfull\"><\/div>\n\n<div class=\"gb-container gb-container-3f7590fb progress-tracker alignfull\">\n\n<div class=\"gb-headline gb-headline-55bd6718 gb-headline-text progress-item\" data-index=\"0\"><a href=\"#wine\">Vino<\/a><\/div>\n\n\n\n<div class=\"gb-headline gb-headline-a96e44cb gb-headline-text progress-item\" data-index=\"1\"><a href=\"#notes\">Note<\/a><\/div>\n\n\n\n<div class=\"gb-headline gb-headline-3bcdf39a gb-headline-text progress-item\" data-index=\"2\"><a href=\"#pairings\">ABBINAMENTI<\/a><\/div>\n\n\n\n<div class=\"gb-headline gb-headline-a9983c4f gb-headline-text progress-item\" data-index=\"3\"><a href=\"#opinions\">OPINIONI<\/a><\/div>\n\n<\/div>\n\n<div class=\"gb-container gb-container-52b34db2 scrollpy product alignfull\" id=\"wine\">\n<div class=\"gb-container gb-container-6b0c21f7\">\n<div class=\"gb-grid-wrapper gb-grid-wrapper-ffadb7c5\">\n<div class=\"gb-grid-column gb-grid-column-4af8fc47\"><div class=\"gb-container gb-container-4af8fc47\">\n\n<a class=\"gb-button gb-button-832e4dad\" href=\"https:\/\/ukawine.com\/it\/i-nostri-vini\/\"><span class=\"gb-icon\"><svg viewbox=\"0 0 320 512\" height=\"1em\" xmlns=\"http:\/\/www.w3.org\/2000\/svg\"><path d=\"M9.4 233.4c-12.5 12.5-12.5 32.8 0 45.3l192 192c12.5 12.5 32.8 12.5 45.3 0s12.5-32.8 0-45.3L77.3 256 246.6 86.6c12.5-12.5 12.5-32.8 0-45.3s-32.8-12.5-45.3 0l-192 192z\"><\/path><\/svg><\/span><span class=\"gb-button-text\">I nostri vini<\/span><\/a>\n\n\n<h1 class=\"gb-headline gb-headline-c199c71b gb-headline-text\">C\u00cbRUJA<\/h1>\n\n\n<p class=\"gb-headline gb-headline-c110aa60 gb-headline-text\">Vino Bianco Albanese<\/p>\n\n\n\n<p>Il C\u00ebruja \u00e8 sapientemente ottenuto da viti a piede franco centenarie che crescono spontaneamente sugli alberi circostanti senza alcun intervento umano. Questa coltivazione completamente naturale d\u00e0 vita a un\u2019uva con ottimi parametri per produrre un vino unico. \u00c8 un vino bianco dai riflessi verdognoli e un bouquet olfattivo che porta freschezza, con un equilibrio di sapori di frutta e fiori. In condizioni ottimali, questo vino pu\u00f2 invecchiare bene, migliorando di anno in anno come un vino rosso. La straordinaria struttura del C\u00ebruja rende questo vino un ottimo compagno di carni bianche e piatti di pesce.<\/p>\n\n<\/div><\/div>\n\n<div class=\"gb-grid-column gb-grid-column-ab2e21c4\"><div class=\"gb-container gb-container-ab2e21c4\"><\/div><\/div>\n<\/div>\n<\/div>\n<\/div>\n\n<div class=\"gb-container gb-container-0d8e969c\">\n\n<a class=\"gb-button gb-button-6ad0f562\" href=\"https:\/\/ukawine.com\/it\/i-nostri-vini\/\"><span class=\"gb-icon\"><svg viewbox=\"0 0 320 512\" height=\"1em\" xmlns=\"http:\/\/www.w3.org\/2000\/svg\"><path d=\"M9.4 233.4c-12.5 12.5-12.5 32.8 0 45.3l192 192c12.5 12.5 32.8 12.5 45.3 0s12.5-32.8 0-45.3L77.3 256 246.6 86.6c12.5-12.5 12.5-32.8 0-45.3s-32.8-12.5-45.3 0l-192 192z\"><\/path><\/svg><\/span><span class=\"gb-button-text\">I nostri vini<\/span><\/a>\n\n\n<h1 class=\"gb-headline gb-headline-6fe0b0b9 gb-headline-text\">C\u00cbRUJA<\/h1>\n\n\n<p class=\"gb-headline gb-headline-a0371dc6 gb-headline-text\">Multi-Vintage<\/p>\n\n\n\n<p class=\"gb-headline gb-headline-a91555da gb-headline-text\">Il C\u00ebruja \u00e8 sapientemente ottenuto da viti a piede franco centenarie che crescono spontaneamente sugli alberi circostanti senza alcun intervento umano. Questa coltivazione completamente naturale d\u00e0 vita a un\u2019uva con ottimi parametri per produrre un vino unico. \u00c8 un vino bianco dai riflessi verdognoli e un bouquet olfattivo che porta freschezza, con un equilibrio di sapori di frutta e fiori. In condizioni ottimali, questo vino pu\u00f2 invecchiare bene, migliorando di anno in anno come un vino rosso. La straordinaria struttura del C\u00ebruja rende questo vino un ottimo compagno di carni bianche e piatti di pesce.<\/p>\n\n<\/div>\n\n<div class=\"gb-container gb-container-7e853f59 alignfull\"><\/div>\n\n<div class=\"gb-container gb-container-adb0e485 scrollpy\" id=\"notes\">\n<div class=\"gb-container gb-container-74c956ea\">\n\n<h2 class=\"gb-headline gb-headline-8ff5b946 gb-headline-text\"><strong>VINO C\u00cbRUJA<\/strong><\/h2>\n\n\n\n<h2 class=\"gb-headline gb-headline-fd4d9ea3 gb-headline-text\"><strong>Vigneti<\/strong><\/h2>\n\n\n\n<p class=\"has-text-align-left\">I nostri vigneti, situati a Klos e Bulqize, sono immersi nell'incantevole valle del fiume Mat, situata nella regione collinare centrale dell'Albania. Questa pittoresca regione vinicola vanta un'altitudine ideale per i vigneti, compresa tra i 400 e i 600 metri. Il terreno di quest'area \u00e8 una miscela di argilla e sabbia, che offre eccellenti propriet\u00e0 di drenaggio e ritenzione dell'umidit\u00e0.&nbsp;<\/p>\n\n\n\n<h2 class=\"gb-headline gb-headline-7922eeda gb-headline-text\"><strong>Condizioni climatiche<\/strong><\/h2>\n\n\n\n<p class=\"has-text-align-left\">Il clima della zona dei vigneti corrisponde alle caratteristiche del clima mediterraneo. Le estati sono calde e secche, con temperature medie che oscillano tra i 25\u00b0C e i 30\u00b0C. Gli inverni sono miti e offrono un periodo di dormienza per le viti. La regione riceve precipitazioni moderate durante tutto l'anno, che forniscono l'idratazione necessaria alle viti.<\/p>\n\n\n\n<h2 class=\"gb-headline gb-headline-16734818 gb-headline-text\"><strong>La vendemmia<\/strong><\/h2>\n\n\n\n<p class=\"has-text-align-left\">Il nostro processo di raccolta e vinificazione \u00e8 eseguito con cura per garantire la produzione di vini eccezionali. La vendemmia si svolge dal 20 settembre al 20 ottobre, quando le uve raggiungono la maturazione ottimale. Il nostro team dedicato raccoglie a mano le uve da vecchie viti che si arrampicano con grazia sugli alberi, preservandone il carattere e il gusto unici.<\/p>\n\n\n\n<h2 class=\"gb-headline gb-headline-7e078f1f gb-headline-text\"><strong>La vinificazione<\/strong><\/h2>\n\n\n\n<p class=\"has-text-align-left\">In cantina, le uve vengono sottoposte a un meticoloso processo di vinificazione. Viene impiegata una crio-macerazione di 24 ore, seguita da una pressatura soffice per estrarre delicatamente il succo. Il succo viene poi sottoposto a precipitazione naturale in serbatoi di acciaio inox. La fermentazione controllata a freddo avviene per un periodo di 12-15 giorni, consentendo lo sviluppo di sapori delicati.<\/p>\n\n<\/div>\n\n<div class=\"gb-container gb-container-ec5d7654\">\n\n<h2 class=\"gb-headline gb-headline-13b07524 gb-headline-text\"><strong>Profilo di Gusto<\/strong><\/h2>\n\n\n<div class=\"gb-grid-wrapper gb-grid-wrapper-f95e847d\">\n<div class=\"gb-grid-column gb-grid-column-f715b169\"><div class=\"gb-container gb-container-f715b169\">\n\n<p class=\"gb-headline gb-headline-4183c2a5 gb-headline-text\">Aroma<\/p>\n\n\n\n<p class=\"gb-headline gb-headline-b8aae06e gb-headline-text\">Corpo<\/p>\n\n\n\n<p class=\"gb-headline gb-headline-da096476 gb-headline-text\">Acidit\u00e0<\/p>\n\n\n\n<p class=\"gb-headline gb-headline-6f979908 gb-headline-text\">Dolcezza<\/p>\n\n<\/div><\/div>\n\n<div class=\"gb-grid-column gb-grid-column-15123b37\"><div class=\"gb-container gb-container-15123b37\">\n<div class=\"gb-container gb-container-0560f220\">\n<div class=\"gb-container gb-container-1e96f2c9\">\n\n<div class=\"gb-headline gb-headline-27f1d101 gb-headline-text\">Leggera<\/div>\n\n\n<div class=\"gb-container gb-container-f7970a8f\"><\/div>\n<\/div>\n\n<div class=\"gb-container gb-container-eb2a4937\">\n\n<div class=\"gb-headline gb-headline-85be8137 gb-headline-text\">Leggera<\/div>\n\n\n<div class=\"gb-container gb-container-d6460044\"><\/div>\n<\/div>\n\n<div class=\"gb-container gb-container-6c73b5b4\">\n\n<div class=\"gb-headline gb-headline-58e27c21 gb-headline-text\">Bassa<\/div>\n\n\n<div class=\"gb-container gb-container-a46647af\"><\/div>\n<\/div>\n\n<div class=\"gb-container gb-container-125d1d0c\">\n\n<div class=\"gb-headline gb-headline-f9bd5bf8 gb-headline-text\">Secco<\/div>\n\n\n<div class=\"gb-container gb-container-bafdcdfb\"><\/div>\n<\/div>\n<\/div>\n<\/div><\/div>\n\n<div class=\"gb-grid-column gb-grid-column-fb7d660e\"><div class=\"gb-container gb-container-fb7d660e\">\n<div class=\"gb-container gb-container-13f3b9fb\">\n<div class=\"gb-container gb-container-c3580987\"><\/div>\n\n<div class=\"gb-container gb-container-554c8895\"><\/div>\n\n<div class=\"gb-container gb-container-a7bb8c90\"><\/div>\n\n<div class=\"gb-container gb-container-4fb9d084\"><\/div>\n<\/div>\n<\/div><\/div>\n\n<div class=\"gb-grid-column gb-grid-column-b77cae13\"><div class=\"gb-container gb-container-b77cae13\">\n<div class=\"gb-container gb-container-584c52dd\">\n<div class=\"gb-container gb-container-5635d9c9\"><\/div>\n\n<div class=\"gb-container gb-container-0795d5e2\"><\/div>\n\n<div class=\"gb-container gb-container-28d3fcd8\"><\/div>\n\n<div class=\"gb-container gb-container-65a5888f\"><\/div>\n<\/div>\n<\/div><\/div>\n\n<div class=\"gb-grid-column gb-grid-column-09f5352e\"><div class=\"gb-container gb-container-09f5352e\">\n<div class=\"gb-container gb-container-5fad9d24\">\n<div class=\"gb-container gb-container-e229f327\"><\/div>\n\n<div class=\"gb-container gb-container-8a75a126\">\n<div class=\"gb-container gb-container-da97bbf6\"><\/div>\n<\/div>\n\n<div class=\"gb-container gb-container-f0915140\"><\/div>\n\n<div class=\"gb-container gb-container-9fc87e9e\"><\/div>\n<\/div>\n<\/div><\/div>\n\n<div class=\"gb-grid-column gb-grid-column-3bbd827d\"><div class=\"gb-container gb-container-3bbd827d\">\n<div class=\"gb-container gb-container-d5eb0af1\">\n<div class=\"gb-container gb-container-48e9751e\">\n\n<div class=\"gb-headline gb-headline-d6bc3e2a gb-headline-text\">Forte<\/div>\n\n\n<div class=\"gb-container gb-container-a278e01e\"><\/div>\n<\/div>\n\n<div class=\"gb-container gb-container-6d343dc0\">\n\n<div class=\"gb-headline gb-headline-cf37bb31 gb-headline-text\">Forte<\/div>\n\n\n<div class=\"gb-container gb-container-77e60ce4\"><\/div>\n<\/div>\n\n<div class=\"gb-container gb-container-1f451186\">\n\n<div class=\"gb-headline gb-headline-fd64eac8 gb-headline-text\">Alta<\/div>\n\n\n<div class=\"gb-container gb-container-30af0600\"><\/div>\n<\/div>\n\n<div class=\"gb-container gb-container-a9490b72\">\n\n<div class=\"gb-headline gb-headline-b425ebf5 gb-headline-text\">Dolce<\/div>\n\n\n<div class=\"gb-container gb-container-3daff5c6\"><\/div>\n<\/div>\n<\/div>\n<\/div><\/div>\n<\/div>\n<\/div>\n<\/div>\n\n<div class=\"gb-container gb-container-4e9f33a1 scrollpy\" id=\"pairings\">\n<div class=\"gb-grid-wrapper gb-grid-wrapper-dfc7358a\">\n<div class=\"gb-grid-column gb-grid-column-77e59d31\"><div class=\"gb-container gb-container-77e59d31\">\n\n<h2 class=\"gb-headline gb-headline-d3008229 gb-headline-text\">ABBINAMENTI PERFETTI<\/h2>\n\n\n\n<p>Questo vino leggero ed elegante \u00e8 meglio apprezzato accanto a piatti di pesce o pasta. Il suo sapore fresco e il suo finale sontuoso creano una combinazione di sapori sensazionale con diverse ricette a base di pesce. \u00c8 la bevanda perfetta per una serata estiva in riva al mare o per un tranquillo picnic pomeridiano al sole.<\/p>\n\n\n<div class=\"gb-container gb-container-7d55aeaa\">\n<div class=\"gb-container gb-container-424257fa\">\n<div class=\"gb-container gb-container-d475c56d\"><\/div>\n\n\n<p class=\"gb-headline gb-headline-5cf0e5a3 gb-headline-text\">PESCE<\/p>\n\n<\/div>\n\n<div class=\"gb-container gb-container-940d2be4\">\n<div class=\"gb-container gb-container-98e9175a\"><\/div>\n\n\n<p class=\"gb-headline gb-headline-cb5dff9b gb-headline-text\">POLLO<\/p>\n\n<\/div>\n\n<div class=\"gb-container gb-container-35875660\">\n<div class=\"gb-container gb-container-3b8e49a1\"><\/div>\n\n\n<p class=\"gb-headline gb-headline-af02987e gb-headline-text\">FRUTTI DI MARE<\/p>\n\n<\/div>\n\n<div class=\"gb-container gb-container-706ec60f\">\n<div class=\"gb-container gb-container-8ffc5c9f\"><\/div>\n\n\n<p class=\"gb-headline gb-headline-eb93526b gb-headline-text\">FORMAGGI<\/p>\n\n<\/div>\n\n<div class=\"gb-container gb-container-ac69820f\">\n<div class=\"gb-container gb-container-91028751\"><\/div>\n\n\n<p class=\"gb-headline gb-headline-e64c9e0f gb-headline-text\">SUSHI<\/p>\n\n<\/div>\n<\/div>\n<\/div><\/div>\n\n<div class=\"gb-grid-column gb-grid-column-85b3c788\"><div class=\"gb-container gb-container-85b3c788\">\n\n<figure class=\"gb-block-image gb-block-image-d6d040ae\"><img loading=\"lazy\" decoding=\"async\" width=\"1024\" height=\"1024\" class=\"gb-image gb-image-d6d040ae\" src=\"https:\/\/ukawine.com\/wp-content\/uploads\/2024\/02\/Ceruja-1080-1024x1024.jpg\" alt=\"\" title=\"Ceruja-1080\" srcset=\"https:\/\/ukawine.com\/wp-content\/uploads\/2024\/02\/Ceruja-1080-1024x1024.jpg 1024w, https:\/\/ukawine.com\/wp-content\/uploads\/2024\/02\/Ceruja-1080-300x300.jpg 300w, https:\/\/ukawine.com\/wp-content\/uploads\/2024\/02\/Ceruja-1080-150x150.jpg 150w, https:\/\/ukawine.com\/wp-content\/uploads\/2024\/02\/Ceruja-1080-768x768.jpg 768w, https:\/\/ukawine.com\/wp-content\/uploads\/2024\/02\/Ceruja-1080-12x12.jpg 12w, https:\/\/ukawine.com\/wp-content\/uploads\/2024\/02\/Ceruja-1080-500x500.jpg 500w, https:\/\/ukawine.com\/wp-content\/uploads\/2024\/02\/Ceruja-1080-800x800.jpg 800w, https:\/\/ukawine.com\/wp-content\/uploads\/2024\/02\/Ceruja-1080-600x600.jpg 600w, https:\/\/ukawine.com\/wp-content\/uploads\/2024\/02\/Ceruja-1080-100x100.jpg 100w, https:\/\/ukawine.com\/wp-content\/uploads\/2024\/02\/Ceruja-1080.jpg 1080w\" sizes=\"auto, (max-width: 1024px) 100vw, 1024px\" \/><\/figure>\n\n<\/div><\/div>\n<\/div>\n<\/div>\n\n<div class=\"gb-container gb-container-32cd6f4d scrollpy\" id=\"opinions\">\n<div class=\"gb-container gb-container-8be92037\">\n\n<div class=\"gb-headline gb-headline-39bc6a4b\"><span class=\"gb-icon\"><svg fill=\"none\" viewbox=\"0 0 48 48\" height=\"48\" width=\"48\" xmlns=\"http:\/\/www.w3.org\/2000\/svg\">   <path fill-opacity=\"0.69\" fill=\"white\" d=\"M18.8533 9.11587C11.3227 13.9521 7.13913 19.5811 6.30256 26.0028C5.00021 35.9999 13.9404 40.8932 18.4703 36.4966C23.0002 32.1 20.2848 26.5195 17.0047 24.9941C13.7246 23.4686 11.7187 23.9999 12.0686 21.9614C12.4185 19.923 17.0851 14.2712 21.1849 11.6391C21.4569 11.4078 21.5604 10.959 21.2985 10.6185C21.1262 10.3946 20.7883 9.95545 20.2848 9.30102C19.8445 8.72875 19.4227 8.75017 18.8533 9.11587Z\" clip-rule=\"evenodd\" fill-rule=\"evenodd\"><\/path>   <path fill-opacity=\"0.69\" fill=\"white\" d=\"M38.6789 9.11587C31.1484 13.9521 26.9648 19.5811 26.1282 26.0028C24.8259 35.9999 33.7661 40.8932 38.296 36.4966C42.8259 32.1 40.1105 26.5195 36.8304 24.9941C33.5503 23.4686 31.5443 23.9999 31.8943 21.9614C32.2442 19.923 36.9108 14.2712 41.0106 11.6391C41.2826 11.4078 41.3861 10.959 41.1241 10.6185C40.9519 10.3946 40.614 9.95545 40.1105 9.30102C39.6702 8.72875 39.2484 8.75017 38.6789 9.11587Z\" clip-rule=\"evenodd\" fill-rule=\"evenodd\"><\/path> <\/svg><\/span><\/div>\n\n\n\n<p class=\"gb-headline gb-headline-e8b98e26 gb-headline-text\">SORSEGGIARE QUESTO VINO BIANCO DELIZIOSO,<br>SAPIDO, FRUTTATO E DAL FINALE MORBIDO.<\/p>\n\n<\/div>\n<\/div>\n\n<div class=\"gb-container gb-container-0f41e1b6\">\n\n<div class=\"gb-headline gb-headline-12a7f01f\"><span class=\"gb-icon\"><svg fill=\"none\" viewbox=\"0 0 48 48\" height=\"48\" width=\"48\" xmlns=\"http:\/\/www.w3.org\/2000\/svg\">   <path fill-opacity=\"0.69\" d=\"M18.8533 9.11587C11.3227 13.9521 7.13913 19.5811 6.30256 26.0028C5.00021 35.9999 13.9404 40.8932 18.4703 36.4966C23.0002 32.1 20.2848 26.5195 17.0047 24.9941C13.7246 23.4686 11.7187 23.9999 12.0686 21.9614C12.4185 19.923 17.0851 14.2712 21.1849 11.6391C21.4569 11.4078 21.5604 10.959 21.2985 10.6185C21.1262 10.3946 20.7883 9.95545 20.2848 9.30102C19.8445 8.72875 19.4227 8.75017 18.8533 9.11587Z\" clip-rule=\"evenodd\" fill-rule=\"evenodd\"><\/path>   <path fill-opacity=\"0.69\" d=\"M38.6789 9.11587C31.1484 13.9521 26.9648 19.5811 26.1282 26.0028C24.8259 35.9999 33.7661 40.8932 38.296 36.4966C42.8259 32.1 40.1105 26.5195 36.8304 24.9941C33.5503 23.4686 31.5443 23.9999 31.8943 21.9614C32.2442 19.923 36.9108 14.2712 41.0106 11.6391C41.2826 11.4078 41.3861 10.959 41.1241 10.6185C40.9519 10.3946 40.614 9.95545 40.1105 9.30102C39.6702 8.72875 39.2484 8.75017 38.6789 9.11587Z\" clip-rule=\"evenodd\" fill-rule=\"evenodd\"><\/path> <\/svg><\/span><\/div>\n\n\n\n<p class=\"gb-headline gb-headline-5e1d0af7 gb-headline-text\">SIP THIS DELICIOUS, SMOKY, NUTTY, BUTTERED LEMON BRIOCHE OF A BEGUILING PINOT NOIR-BASED FIZZ<\/p>\n\n<\/div>\n\n<div class=\"gb-container gb-container-b2185a6a alignfull\">\n<div class=\"gb-grid-wrapper gb-grid-wrapper-dab491fa\">\n<div class=\"gb-grid-column gb-grid-column-1516744a\"><div class=\"gb-container gb-container-1516744a\">\n\n<h2 class=\"gb-headline gb-headline-53429226 gb-headline-text\">I NOSTRI VINI<\/h2>\n\n\n\n<p>Esplora la nostra selezione di vini albanesi e scopri quale sapore si adatta meglio al tuo gusto.<\/p>\n\n\n\n<p class=\"gb-headline gb-headline-57398859 gb-headline-text\"><a href=\"https:\/\/ukawine.com\/it\/i-nostri-vini\/\" data-type=\"page\" data-id=\"22\">VEDI TUTTI I NOSTRI VINI<\/a><\/p>\n\n<\/div><\/div>\n\n<div class=\"gb-grid-column gb-grid-column-878a1efb\"><div class=\"gb-container gb-container-878a1efb\">\n<div class=\"gb-container gb-container-d13c9607 splide line-dots dots-tablet three-cols no-arrows no-dots autoscroll\">\n<div class=\"gb-container gb-container-42eed3c8 splide__track\">\n<div class=\"gb-container gb-container-7e91e3d0 splide__list\">\n<div class=\"gb-container gb-container-c62d5682 splide__slide\">\n\n<h3 class=\"gb-headline gb-headline-8607ec83\"><span class=\"gb-icon\"><svg xmlns=\"http:\/\/www.w3.org\/2000\/svg\" width=\"800px\" height=\"800px\" viewbox=\"0 0 24 24\" fill=\"none\"> <path d=\"M7 17L17 7M17 7H8M17 7V16\" stroke=\"#000000\" stroke-width=\"2\" stroke-linecap=\"round\" stroke-linejoin=\"round\"><\/path> <\/svg><\/span><span class=\"gb-headline-text\"><a href=\"https:\/\/ukawine.com\/it\/kallmet\/\" data-type=\"link\" data-id=\"https:\/\/ukawine.com\/kallmet\/\">KALLMET<\/a><\/span><\/h3>\n\n\n\n<figure class=\"gb-block-image gb-block-image-89bcd854\"><img loading=\"lazy\" decoding=\"async\" width=\"1080\" height=\"1080\" class=\"gb-image gb-image-89bcd854\" src=\"https:\/\/ukawine.com\/wp-content\/uploads\/2024\/02\/Kallmet-1080.jpg\" alt=\"\" title=\"Kallmet-1080\" srcset=\"https:\/\/ukawine.com\/wp-content\/uploads\/2024\/02\/Kallmet-1080.jpg 1080w, https:\/\/ukawine.com\/wp-content\/uploads\/2024\/02\/Kallmet-1080-300x300.jpg 300w, https:\/\/ukawine.com\/wp-content\/uploads\/2024\/02\/Kallmet-1080-1024x1024.jpg 1024w, https:\/\/ukawine.com\/wp-content\/uploads\/2024\/02\/Kallmet-1080-150x150.jpg 150w, https:\/\/ukawine.com\/wp-content\/uploads\/2024\/02\/Kallmet-1080-768x768.jpg 768w, https:\/\/ukawine.com\/wp-content\/uploads\/2024\/02\/Kallmet-1080-12x12.jpg 12w, https:\/\/ukawine.com\/wp-content\/uploads\/2024\/02\/Kallmet-1080-500x500.jpg 500w, https:\/\/ukawine.com\/wp-content\/uploads\/2024\/02\/Kallmet-1080-800x800.jpg 800w, https:\/\/ukawine.com\/wp-content\/uploads\/2024\/02\/Kallmet-1080-600x600.jpg 600w, https:\/\/ukawine.com\/wp-content\/uploads\/2024\/02\/Kallmet-1080-100x100.jpg 100w\" sizes=\"auto, (max-width: 1080px) 100vw, 1080px\" \/><\/figure>\n\n<\/div>\n\n<div class=\"gb-container gb-container-16313a98 splide__slide\">\n\n<h3 class=\"gb-headline gb-headline-6a034250\"><span class=\"gb-icon\"><svg xmlns=\"http:\/\/www.w3.org\/2000\/svg\" width=\"800px\" height=\"800px\" viewbox=\"0 0 24 24\" fill=\"none\"> <path d=\"M7 17L17 7M17 7H8M17 7V16\" stroke=\"#000000\" stroke-width=\"2\" stroke-linecap=\"round\" stroke-linejoin=\"round\"><\/path> <\/svg><\/span><span class=\"gb-headline-text\"><a href=\"https:\/\/ukawine.com\/it\/udha\/\" data-type=\"link\" data-id=\"https:\/\/ukawine.com\/udha\/\">UDHA<\/a><\/span><\/h3>\n\n\n\n<figure class=\"gb-block-image gb-block-image-952b5a47\"><img loading=\"lazy\" decoding=\"async\" width=\"1080\" height=\"1080\" class=\"gb-image gb-image-952b5a47\" src=\"https:\/\/ukawine.com\/wp-content\/uploads\/2024\/02\/UDHA-1080.jpg\" alt=\"\" title=\"UDHA-1080\" srcset=\"https:\/\/ukawine.com\/wp-content\/uploads\/2024\/02\/UDHA-1080.jpg 1080w, https:\/\/ukawine.com\/wp-content\/uploads\/2024\/02\/UDHA-1080-300x300.jpg 300w, https:\/\/ukawine.com\/wp-content\/uploads\/2024\/02\/UDHA-1080-1024x1024.jpg 1024w, https:\/\/ukawine.com\/wp-content\/uploads\/2024\/02\/UDHA-1080-150x150.jpg 150w, https:\/\/ukawine.com\/wp-content\/uploads\/2024\/02\/UDHA-1080-768x768.jpg 768w, https:\/\/ukawine.com\/wp-content\/uploads\/2024\/02\/UDHA-1080-12x12.jpg 12w, https:\/\/ukawine.com\/wp-content\/uploads\/2024\/02\/UDHA-1080-500x500.jpg 500w, https:\/\/ukawine.com\/wp-content\/uploads\/2024\/02\/UDHA-1080-800x800.jpg 800w, https:\/\/ukawine.com\/wp-content\/uploads\/2024\/02\/UDHA-1080-600x600.jpg 600w, https:\/\/ukawine.com\/wp-content\/uploads\/2024\/02\/UDHA-1080-100x100.jpg 100w\" sizes=\"auto, (max-width: 1080px) 100vw, 1080px\" \/><\/figure>\n\n<\/div>\n\n<div class=\"gb-container gb-container-78537948 splide__slide\">\n\n<h3 class=\"gb-headline gb-headline-dda6c66c\"><span class=\"gb-icon\"><svg xmlns=\"http:\/\/www.w3.org\/2000\/svg\" width=\"800px\" height=\"800px\" viewbox=\"0 0 24 24\" fill=\"none\"> <path d=\"M7 17L17 7M17 7H8M17 7V16\" stroke=\"#000000\" stroke-width=\"2\" stroke-linecap=\"round\" stroke-linejoin=\"round\"><\/path> <\/svg><\/span><span class=\"gb-headline-text\"><a href=\"https:\/\/ukawine.com\/it\/pulez\/\" data-type=\"link\" data-id=\"https:\/\/ukawine.com\/pulez\/\">PUL\u00cbZ<\/a><\/span><\/h3>\n\n\n\n<figure class=\"gb-block-image gb-block-image-ef07c11e\"><img loading=\"lazy\" decoding=\"async\" width=\"1080\" height=\"1080\" class=\"gb-image gb-image-ef07c11e\" src=\"https:\/\/ukawine.com\/wp-content\/uploads\/2024\/02\/Pulez-1080.jpg\" alt=\"\" title=\"Pulez-1080\" srcset=\"https:\/\/ukawine.com\/wp-content\/uploads\/2024\/02\/Pulez-1080.jpg 1080w, https:\/\/ukawine.com\/wp-content\/uploads\/2024\/02\/Pulez-1080-300x300.jpg 300w, https:\/\/ukawine.com\/wp-content\/uploads\/2024\/02\/Pulez-1080-1024x1024.jpg 1024w, https:\/\/ukawine.com\/wp-content\/uploads\/2024\/02\/Pulez-1080-150x150.jpg 150w, https:\/\/ukawine.com\/wp-content\/uploads\/2024\/02\/Pulez-1080-768x768.jpg 768w, https:\/\/ukawine.com\/wp-content\/uploads\/2024\/02\/Pulez-1080-12x12.jpg 12w, https:\/\/ukawine.com\/wp-content\/uploads\/2024\/02\/Pulez-1080-500x500.jpg 500w, https:\/\/ukawine.com\/wp-content\/uploads\/2024\/02\/Pulez-1080-800x800.jpg 800w, https:\/\/ukawine.com\/wp-content\/uploads\/2024\/02\/Pulez-1080-600x600.jpg 600w, https:\/\/ukawine.com\/wp-content\/uploads\/2024\/02\/Pulez-1080-100x100.jpg 100w\" sizes=\"auto, (max-width: 1080px) 100vw, 1080px\" \/><\/figure>\n\n<\/div>\n<\/div>\n<\/div>\n<\/div>\n<\/div><\/div>\n<\/div>\n<\/div>\n\n<div class=\"gb-container gb-container-9c4ac241 alignfull\">\n<div class=\"gb-grid-wrapper gb-grid-wrapper-815125da\">\n<div class=\"gb-grid-column gb-grid-column-fb7589c2\"><div class=\"gb-container gb-container-fb7589c2\">\n<div class=\"gb-container gb-container-eaf37a41\">\n\n<h2 class=\"gb-headline gb-headline-1dd3b9ea gb-headline-text\">CONTATTO<\/h2>\n\n\n\n<p>Offriamo una grande variet\u00e0 di vini rossi e vini albanesi per ogni fascia di prezzo e per ogni occasione!<\/p>\n\n\n<div class=\"gb-container gb-container-0300b82e\">\n\n<p class=\"gb-headline gb-headline-f642d399 gb-headline-text\">Address: <a href=\"https:\/\/maps.app.goo.gl\/Dkcjz6WnYdWUmNYb9\" data-type=\"link\" data-id=\"https:\/\/maps.app.goo.gl\/Dkcjz6WnYdWUmNYb9\" target=\"_blank\" rel=\"noopener\">Uka Farm, <\/a><a href=\"https:\/\/maps.app.goo.gl\/Dkcjz6WnYdWUmNYb9\" data-type=\"link\" data-id=\"https:\/\/maps.app.goo.gl\/Dkcjz6WnYdWUmNYb9\" target=\"_blank\" rel=\"noreferrer noopener\">Tirana<\/a><a href=\"https:\/\/maps.app.goo.gl\/Dkcjz6WnYdWUmNYb9\" data-type=\"link\" data-id=\"https:\/\/maps.app.goo.gl\/Dkcjz6WnYdWUmNYb9\" target=\"_blank\" rel=\"noopener\">, Albania<\/a><\/p>\n\n\n\n<p class=\"gb-headline gb-headline-0367297e gb-headline-text\"><a href=\"mailto:info@ukawine.com\" data-type=\"mailto\" data-id=\"mailto:info@ukawine.com\">E-mail: info@ukawine.com<\/a><\/p>\n\n<\/div>\n<\/div>\n<\/div><\/div>\n\n<div class=\"gb-grid-column gb-grid-column-15b193e9\"><div class=\"gb-container gb-container-15b193e9 map\">\n\t\t<div id=\"wpmapblock_246b6f7d\" data-settings='{&quot;map_marker&quot;:[{&quot;lat&quot;:&quot;41.36910028187358&quot;,&quot;lng&quot;:&quot;19.74238601002146&quot;,&quot;title&quot;:&quot;Uka Farm&quot;,&quot;content&quot;:&quot;&quot;,&quot;iconType&quot;:&quot;default&quot;,&quot;customIconUrl&quot;:&quot;&quot;,&quot;customIconWidth&quot;:&quot;25&quot;,&quot;customIconHeight&quot;:&quot;40&quot;}],&quot;map_zoom&quot;:&quot;16&quot;,&quot;scroll_wheel_zoom&quot;:&quot;1&quot;,&quot;map_type&quot;:&quot;GM&quot;,&quot;center_index&quot;:0}' class=\"wpmapblockrender\" style=\"\t\t\twidth: 100%;\t\t\theight: 750px;\t\t\"><\/div>\n        \n<\/div><\/div>\n<\/div>\n<\/div>","protected":false},"excerpt":{"rendered":"<p>Wine NOTES PAIRINGS OPINIONS C\u00cbRUJA Multi-Vintage Ceruja, a remarkable white wine, is crafted from the C\u00ebruja grape variety, grown on hundred-year-old ungrafted vines that thrive spontaneously, intertwining with trees without any human intervention. Named after the naturally isolated village of C\u00ebruja, this grape variety has been protected from the devastating phylloxera disease that affected vineyards &#8230; <a title=\"C\u00cbRUJA\" class=\"read-more\" href=\"https:\/\/ukawine.com\/it\/ceruja\/\" aria-label=\"Leggi di pi\u00f9 su C\u00cbRUJA\">Leggi tutto<\/a><\/p>","protected":false},"author":1,"featured_media":0,"parent":0,"menu_order":0,"comment_status":"closed","ping_status":"closed","template":"","meta":{"_acf_changed":false,"footnotes":""},"class_list":["post-1075","page","type-page","status-publish"],"acf":[],"_links":{"self":[{"href":"https:\/\/ukawine.com\/it\/wp-json\/wp\/v2\/pages\/1075","targetHints":{"allow":["GET"]}}],"collection":[{"href":"https:\/\/ukawine.com\/it\/wp-json\/wp\/v2\/pages"}],"about":[{"href":"https:\/\/ukawine.com\/it\/wp-json\/wp\/v2\/types\/page"}],"author":[{"embeddable":true,"href":"https:\/\/ukawine.com\/it\/wp-json\/wp\/v2\/users\/1"}],"replies":[{"embeddable":true,"href":"https:\/\/ukawine.com\/it\/wp-json\/wp\/v2\/comments?post=1075"}],"version-history":[{"count":5,"href":"https:\/\/ukawine.com\/it\/wp-json\/wp\/v2\/pages\/1075\/revisions"}],"predecessor-version":[{"id":3344,"href":"https:\/\/ukawine.com\/it\/wp-json\/wp\/v2\/pages\/1075\/revisions\/3344"}],"wp:attachment":[{"href":"https:\/\/ukawine.com\/it\/wp-json\/wp\/v2\/media?parent=1075"}],"curies":[{"name":"wp","href":"https:\/\/api.w.org\/{rel}","templated":true}]}}